{"id":1317,"date":"2021-03-29T18:43:42","date_gmt":"2021-03-29T18:43:42","guid":{"rendered":"https:\/\/www.tomzacr.com\/?page_id=1317"},"modified":"2024-10-02T22:37:41","modified_gmt":"2024-10-02T22:37:41","slug":"acerca-v3","status":"publish","type":"page","link":"https:\/\/www.tomzacr.com\/?page_id=1317","title":{"rendered":"Acerca-V3"},"content":{"rendered":"\t\t<div data-elementor-type=\"wp-page\" data-elementor-id=\"1317\" class=\"elementor elementor-1317\" data-elementor-post-type=\"page\">\n\t\t\t\t\t\t<section class=\"elementor-section elementor-top-section elementor-element elementor-element-5110186 elementor-section-height-min-height elementor-section-boxed elementor-section-height-default elementor-section-items-middle\" data-id=\"5110186\" data-element_type=\"section\" data-settings=\"{&quot;background_background&quot;:&quot;classic&quot;}\">\n\t\t\t\t\t\t\t<div class=\"elementor-background-overlay\"><\/div>\n\t\t\t\t\t\t\t<div class=\"elementor-container elementor-column-gap-no\">\n\t\t\t\t\t<div class=\"elementor-column elementor-col-100 elementor-top-column elementor-element elementor-element-e443642\" data-id=\"e443642\" data-element_type=\"column\">\n\t\t\t<div class=\"elementor-widget-wrap elementor-element-populated\">\n\t\t\t\t\t\t<div class=\"elementor-element elementor-element-2f55e73 elementor-widget elementor-widget-heading\" data-id=\"2f55e73\" data-element_type=\"widget\" data-widget_type=\"heading.default\">\n\t\t\t\t<div class=\"elementor-widget-container\">\n\t\t\t<h1 class=\"elementor-heading-title elementor-size-default\">Acerca de Gas tomza costa rica<\/h1>\t\t<\/div>\n\t\t\t\t<\/div>\n\t\t\t\t<div class=\"elementor-element elementor-element-bf3c0ce elementor-widget elementor-widget-heading\" data-id=\"bf3c0ce\" data-element_type=\"widget\" data-widget_type=\"heading.default\">\n\t\t\t\t<div class=\"elementor-widget-container\">\n\t\t\t<p class=\"elementor-heading-title elementor-size-default\">Nuestra Empresa<\/p>\t\t<\/div>\n\t\t\t\t<\/div>\n\t\t\t\t<div class=\"elementor-element elementor-element-9d82b81 elementor-widget elementor-widget-heading\" data-id=\"9d82b81\" data-element_type=\"widget\" data-widget_type=\"heading.default\">\n\t\t\t\t<div class=\"elementor-widget-container\">\n\t\t\t<p class=\"elementor-heading-title elementor-size-default\">Conoce un poco sobre esta gran familia.<\/p>\t\t<\/div>\n\t\t\t\t<\/div>\n\t\t\t\t\t<\/div>\n\t\t<\/div>\n\t\t\t\t\t<\/div>\n\t\t<\/section>\n\t\t\t\t<section class=\"elementor-section elementor-top-section elementor-element elementor-element-405c415 elementor-section-boxed elementor-section-height-default elementor-section-height-default\" data-id=\"405c415\" data-element_type=\"section\">\n\t\t\t\t\t\t<div class=\"elementor-container elementor-column-gap-default\">\n\t\t\t\t\t<div class=\"elementor-column elementor-col-50 elementor-top-column elementor-element elementor-element-47313d3\" data-id=\"47313d3\" data-element_type=\"column\">\n\t\t\t<div class=\"elementor-widget-wrap elementor-element-populated\">\n\t\t\t\t\t\t<div class=\"elementor-element elementor-element-c1bc868 elementor-widget elementor-widget-heading\" data-id=\"c1bc868\" data-element_type=\"widget\" data-widget_type=\"heading.default\">\n\t\t\t\t<div class=\"elementor-widget-container\">\n\t\t\t<p class=\"elementor-heading-title elementor-size-default\">Experiencia desde 2005<\/p>\t\t<\/div>\n\t\t\t\t<\/div>\n\t\t\t\t<div class=\"elementor-element elementor-element-fe059fe elementor-widget elementor-widget-text-editor\" data-id=\"fe059fe\" data-element_type=\"widget\" data-widget_type=\"text-editor.default\">\n\t\t\t\t<div class=\"elementor-widget-container\">\n\t\t\t\t\t\t\t<p>GAS TOMZA en Costa Rica inicia en el a\u00f1o 2005, cuando la Corporaci\u00f3n Grupo Tomza Internacional, compra la operaci\u00f3n de aquel momento Total Gas en Costa Rica, introduciendo de esta manera la marca comercial que representamos GAS TOMZA DE COSTA RICA S.A, al mercado nacional, distingui\u00e9ndonos desde entonces por ser una empresa 5 estrellas en seguridad, adem\u00e1s de ser l\u00edderes y propulsores de innovaci\u00f3n en materia de proyectos e instalaciones de equipos que trabajen con gas licuado de petr\u00f3leo (GLP).<\/p>\t\t\t\t\t\t<\/div>\n\t\t\t\t<\/div>\n\t\t\t\t<div class=\"elementor-element elementor-element-04a182e elementor-widget elementor-widget-text-editor\" data-id=\"04a182e\" data-element_type=\"widget\" data-widget_type=\"text-editor.default\">\n\t\t\t\t<div class=\"elementor-widget-container\">\n\t\t\t\t\t\t\t<ul><li><span data-contrast=\"none\">3 plantas <\/span><span data-ccp-props=\"{}\">\u00a0<\/span><\/li><li><span data-contrast=\"none\">5 centros de distribuci\u00f3n <\/span><span data-ccp-props=\"{}\">\u00a0<\/span><\/li><li><span data-contrast=\"auto\">100 camiones de reparto<\/span><span data-ccp-props=\"{}\">\u00a0<\/span><\/li><li><span data-contrast=\"auto\">20 graneleras<\/span><span data-ccp-props=\"{}\">\u00a0<\/span><\/li><li><span data-contrast=\"auto\">20 cisternas <\/span><span data-ccp-props=\"{}\">\u00a0<\/span><\/li><li><span data-contrast=\"auto\">52 estaciones de servicio<\/span><\/li><\/ul>\t\t\t\t\t\t<\/div>\n\t\t\t\t<\/div>\n\t\t\t\t<div class=\"elementor-element elementor-element-7af440d elementor-widget elementor-widget-heading\" data-id=\"7af440d\" data-element_type=\"widget\" data-widget_type=\"heading.default\">\n\t\t\t\t<div class=\"elementor-widget-container\">\n\t\t\t<p class=\"elementor-heading-title elementor-size-default\">Nuestra Misi\u00f3n <\/p>\t\t<\/div>\n\t\t\t\t<\/div>\n\t\t\t\t<div class=\"elementor-element elementor-element-c67c2a7 elementor-widget elementor-widget-text-editor\" data-id=\"c67c2a7\" data-element_type=\"widget\" data-widget_type=\"text-editor.default\">\n\t\t\t\t<div class=\"elementor-widget-container\">\n\t\t\t\t\t\t\t<p><span class=\"TextRun SCXW145934136 BCX0\" lang=\"ES-419\" xml:lang=\"ES-419\" data-contrast=\"auto\"><span class=\"NormalTextRun SCXW145934136 BCX0\">Abastecer, proveer y satisfacer permanentemente las necesidades energ\u00e9ticas de nuestros clientes en el suministro de Gas L.P. cumpliendo sus requerimientos y expectativas en t\u00e9rminos de oportunidad, amabilidad y exactitud, de una manera eficiente, eficaz y transparente; brindando al mercado dom\u00e9stico industrial y comercial\u00a0 un servicio continuo y de calidad, a trav\u00e9s del compromiso y esfuerzo de nuestro recurso humano, ofreciendo las mejores condiciones de seguridad y protecci\u00f3n del medio ambiente.<\/span><\/span><span class=\"EOP SCXW145934136 BCX0\" data-ccp-props=\"{}\">\u00a0<\/span><\/p>\t\t\t\t\t\t<\/div>\n\t\t\t\t<\/div>\n\t\t\t\t<div class=\"elementor-element elementor-element-225dae2 elementor-widget elementor-widget-spacer\" data-id=\"225dae2\" data-element_type=\"widget\" data-widget_type=\"spacer.default\">\n\t\t\t\t<div class=\"elementor-widget-container\">\n\t\t\t\t\t<div class=\"elementor-spacer\">\n\t\t\t<div class=\"elementor-spacer-inner\"><\/div>\n\t\t<\/div>\n\t\t\t\t<\/div>\n\t\t\t\t<\/div>\n\t\t\t\t\t<\/div>\n\t\t<\/div>\n\t\t\t\t<div class=\"elementor-column elementor-col-25 elementor-top-column elementor-element elementor-element-08eeda1\" data-id=\"08eeda1\" data-element_type=\"column\">\n\t\t\t<div class=\"elementor-widget-wrap elementor-element-populated\">\n\t\t\t\t\t\t<div class=\"elementor-element elementor-element-5da0297 elementor-widget elementor-widget-image\" data-id=\"5da0297\" data-element_type=\"widget\" data-widget_type=\"image.default\">\n\t\t\t\t<div class=\"elementor-widget-container\">\n\t\t\t\t\t\t\t\t\t\t\t\t\t<img fetchpriority=\"high\" decoding=\"async\" width=\"800\" height=\"534\" src=\"https:\/\/www.tomzacr.com\/wp-content\/uploads\/2024\/05\/IMG_1402-1-1024x683.jpg\" class=\"attachment-large size-large wp-image-2562\" alt=\"\" srcset=\"https:\/\/www.tomzacr.com\/wp-content\/uploads\/2024\/05\/IMG_1402-1-1024x683.jpg 1024w, https:\/\/www.tomzacr.com\/wp-content\/uploads\/2024\/05\/IMG_1402-1-300x200.jpg 300w, https:\/\/www.tomzacr.com\/wp-content\/uploads\/2024\/05\/IMG_1402-1-768x512.jpg 768w, https:\/\/www.tomzacr.com\/wp-content\/uploads\/2024\/05\/IMG_1402-1.jpg 1500w\" sizes=\"(max-width: 800px) 100vw, 800px\" \/>\t\t\t\t\t\t\t\t\t\t\t\t\t<\/div>\n\t\t\t\t<\/div>\n\t\t\t\t<div class=\"elementor-element elementor-element-2ec7b4f elementor-widget elementor-widget-image\" data-id=\"2ec7b4f\" data-element_type=\"widget\" data-widget_type=\"image.default\">\n\t\t\t\t<div class=\"elementor-widget-container\">\n\t\t\t\t\t\t\t\t\t\t\t\t\t<img decoding=\"async\" width=\"800\" height=\"534\" src=\"https:\/\/www.tomzacr.com\/wp-content\/uploads\/2024\/09\/DSC09953-1024x683.jpg\" class=\"attachment-large size-large wp-image-3901\" alt=\"\" srcset=\"https:\/\/www.tomzacr.com\/wp-content\/uploads\/2024\/09\/DSC09953-1024x683.jpg 1024w, https:\/\/www.tomzacr.com\/wp-content\/uploads\/2024\/09\/DSC09953-300x200.jpg 300w, https:\/\/www.tomzacr.com\/wp-content\/uploads\/2024\/09\/DSC09953-768x512.jpg 768w, https:\/\/www.tomzacr.com\/wp-content\/uploads\/2024\/09\/DSC09953-1536x1024.jpg 1536w, https:\/\/www.tomzacr.com\/wp-content\/uploads\/2024\/09\/DSC09953-2048x1365.jpg 2048w\" sizes=\"(max-width: 800px) 100vw, 800px\" \/>\t\t\t\t\t\t\t\t\t\t\t\t\t<\/div>\n\t\t\t\t<\/div>\n\t\t\t\t\t<\/div>\n\t\t<\/div>\n\t\t\t\t<div class=\"elementor-column elementor-col-25 elementor-top-column elementor-element elementor-element-393fafb\" data-id=\"393fafb\" data-element_type=\"column\">\n\t\t\t<div class=\"elementor-widget-wrap elementor-element-populated\">\n\t\t\t\t\t\t<div class=\"elementor-element elementor-element-ef14996 elementor-widget elementor-widget-image\" data-id=\"ef14996\" data-element_type=\"widget\" data-widget_type=\"image.default\">\n\t\t\t\t<div class=\"elementor-widget-container\">\n\t\t\t\t\t\t\t\t\t\t\t\t\t<img decoding=\"async\" width=\"768\" height=\"701\" src=\"https:\/\/www.tomzacr.com\/wp-content\/uploads\/2024\/09\/IMG_2355-scaled-e1727733441535-768x701.jpg\" class=\"attachment-medium_large size-medium_large wp-image-3904\" alt=\"\" srcset=\"https:\/\/www.tomzacr.com\/wp-content\/uploads\/2024\/09\/IMG_2355-scaled-e1727733441535-768x701.jpg 768w, https:\/\/www.tomzacr.com\/wp-content\/uploads\/2024\/09\/IMG_2355-scaled-e1727733441535-300x274.jpg 300w, https:\/\/www.tomzacr.com\/wp-content\/uploads\/2024\/09\/IMG_2355-scaled-e1727733441535-1024x935.jpg 1024w, https:\/\/www.tomzacr.com\/wp-content\/uploads\/2024\/09\/IMG_2355-scaled-e1727733441535-1536x1403.jpg 1536w, https:\/\/www.tomzacr.com\/wp-content\/uploads\/2024\/09\/IMG_2355-scaled-e1727733441535.jpg 1868w\" sizes=\"(max-width: 768px) 100vw, 768px\" \/>\t\t\t\t\t\t\t\t\t\t\t\t\t<\/div>\n\t\t\t\t<\/div>\n\t\t\t\t\t<\/div>\n\t\t<\/div>\n\t\t\t\t\t<\/div>\n\t\t<\/section>\n\t\t\t\t<section class=\"elementor-section elementor-top-section elementor-element elementor-element-4f4d2ea elementor-section-boxed elementor-section-height-default elementor-section-height-default\" data-id=\"4f4d2ea\" data-element_type=\"section\">\n\t\t\t\t\t\t<div class=\"elementor-container elementor-column-gap-default\">\n\t\t\t\t\t<div class=\"elementor-column elementor-col-100 elementor-top-column elementor-element elementor-element-1837976\" data-id=\"1837976\" data-element_type=\"column\">\n\t\t\t<div class=\"elementor-widget-wrap elementor-element-populated\">\n\t\t\t\t\t\t<div class=\"elementor-element elementor-element-f2381a3 elementor-widget elementor-widget-heading\" data-id=\"f2381a3\" data-element_type=\"widget\" data-widget_type=\"heading.default\">\n\t\t\t\t<div class=\"elementor-widget-container\">\n\t\t\t<p class=\"elementor-heading-title elementor-size-default\">Energizamos  Costa Rica<\/p>\t\t<\/div>\n\t\t\t\t<\/div>\n\t\t\t\t\t<\/div>\n\t\t<\/div>\n\t\t\t\t\t<\/div>\n\t\t<\/section>\n\t\t\t\t<section class=\"elementor-section elementor-top-section elementor-element elementor-element-20253ea elementor-section-content-middle elementor-section-boxed elementor-section-height-default elementor-section-height-default\" data-id=\"20253ea\" data-element_type=\"section\" data-settings=\"{&quot;background_background&quot;:&quot;classic&quot;}\">\n\t\t\t\t\t\t<div class=\"elementor-container elementor-column-gap-default\">\n\t\t\t\t\t<div class=\"elementor-column elementor-col-100 elementor-top-column elementor-element elementor-element-7ba2ac0\" data-id=\"7ba2ac0\" data-element_type=\"column\">\n\t\t\t<div class=\"elementor-widget-wrap elementor-element-populated\">\n\t\t\t\t\t\t<div class=\"elementor-element elementor-element-d657bd1 elementor-widget elementor-widget-image\" data-id=\"d657bd1\" data-element_type=\"widget\" data-widget_type=\"image.default\">\n\t\t\t\t<div class=\"elementor-widget-container\">\n\t\t\t\t\t\t\t\t\t\t\t\t\t<img decoding=\"async\" src=\"https:\/\/www.tomzacr.com\/wp-content\/uploads\/2024\/05\/parche.svg\" class=\"attachment-large size-large wp-image-2014\" alt=\"\" height=\"410.61\" width=\"740.34\" \/>\t\t\t\t\t\t\t\t\t\t\t\t\t<\/div>\n\t\t\t\t<\/div>\n\t\t\t\t\t<\/div>\n\t\t<\/div>\n\t\t\t\t\t<\/div>\n\t\t<\/section>\n\t\t\t\t<\/div>\n\t\t","protected":false},"excerpt":{"rendered":"<p>Acerca de Gas tomza costa rica Nuestra Empresa Conoce un poco sobre esta gran familia. Experiencia desde 2005 GAS TOMZA en Costa Rica inicia en el a\u00f1o 2005, cuando la Corporaci\u00f3n Grupo Tomza Internacional, compra la operaci\u00f3n de aquel momento Total Gas en Costa Rica, introduciendo de esta manera la marca comercial que representamos GAS [&hellip;]<\/p>\n","protected":false},"author":1,"featured_media":0,"parent":0,"menu_order":0,"comment_status":"closed","ping_status":"closed","template":"","meta":{"footnotes":""},"class_list":["post-1317","page","type-page","status-publish","hentry"],"_links":{"self":[{"href":"https:\/\/www.tomzacr.com\/index.php?rest_route=\/wp\/v2\/pages\/1317"}],"collection":[{"href":"https:\/\/www.tomzacr.com\/index.php?rest_route=\/wp\/v2\/pages"}],"about":[{"href":"https:\/\/www.tomzacr.com\/index.php?rest_route=\/wp\/v2\/types\/page"}],"author":[{"embeddable":true,"href":"https:\/\/www.tomzacr.com\/index.php?rest_route=\/wp\/v2\/users\/1"}],"replies":[{"embeddable":true,"href":"https:\/\/www.tomzacr.com\/index.php?rest_route=%2Fwp%2Fv2%2Fcomments&post=1317"}],"version-history":[{"count":229,"href":"https:\/\/www.tomzacr.com\/index.php?rest_route=\/wp\/v2\/pages\/1317\/revisions"}],"predecessor-version":[{"id":4007,"href":"https:\/\/www.tomzacr.com\/index.php?rest_route=\/wp\/v2\/pages\/1317\/revisions\/4007"}],"wp:attachment":[{"href":"https:\/\/www.tomzacr.com\/index.php?rest_route=%2Fwp%2Fv2%2Fmedia&parent=1317"}],"curies":[{"name":"wp","href":"https:\/\/api.w.org\/{rel}","templated":true}]}}