{"id":2076,"date":"2024-05-09T18:50:37","date_gmt":"2024-05-09T18:50:37","guid":{"rendered":"https:\/\/www.tomzacr.com\/?page_id=2076"},"modified":"2024-10-07T19:30:15","modified_gmt":"2024-10-07T19:30:15","slug":"cilindros-marcos","status":"publish","type":"page","link":"https:\/\/www.tomzacr.com\/?page_id=2076","title":{"rendered":"Cilindros V.4"},"content":{"rendered":"\t\t<div data-elementor-type=\"wp-page\" data-elementor-id=\"2076\" class=\"elementor elementor-2076\" data-elementor-post-type=\"page\">\n\t\t\t\t\t\t<section class=\"elementor-section elementor-top-section elementor-element elementor-element-a35b196 elementor-section-height-min-height elementor-section-boxed elementor-section-height-default elementor-section-items-middle\" data-id=\"a35b196\" data-element_type=\"section\" data-settings=\"{&quot;background_background&quot;:&quot;classic&quot;}\">\n\t\t\t\t\t\t\t<div class=\"elementor-background-overlay\"><\/div>\n\t\t\t\t\t\t\t<div class=\"elementor-container elementor-column-gap-no\">\n\t\t\t\t\t<div class=\"elementor-column elementor-col-100 elementor-top-column elementor-element elementor-element-5544347\" data-id=\"5544347\" data-element_type=\"column\">\n\t\t\t<div class=\"elementor-widget-wrap elementor-element-populated\">\n\t\t\t\t\t\t<div class=\"elementor-element elementor-element-7e47991 elementor-widget elementor-widget-heading\" data-id=\"7e47991\" data-element_type=\"widget\" data-widget_type=\"heading.default\">\n\t\t\t\t<div class=\"elementor-widget-container\">\n\t\t\t<h1 class=\"elementor-heading-title elementor-size-default\">Cilindros<\/h1>\t\t<\/div>\n\t\t\t\t<\/div>\n\t\t\t\t<div class=\"elementor-element elementor-element-6ebd0d2 elementor-widget elementor-widget-heading\" data-id=\"6ebd0d2\" data-element_type=\"widget\" data-widget_type=\"heading.default\">\n\t\t\t\t<div class=\"elementor-widget-container\">\n\t\t\t<p class=\"elementor-heading-title elementor-size-default\">Energ\u00eda port\u00e1til, siempre a tu alcance.<\/p>\t\t<\/div>\n\t\t\t\t<\/div>\n\t\t\t\t<div class=\"elementor-element elementor-element-251b756 elementor-widget elementor-widget-heading\" data-id=\"251b756\" data-element_type=\"widget\" data-widget_type=\"heading.default\">\n\t\t\t\t<div class=\"elementor-widget-container\">\n\t\t\t<p class=\"elementor-heading-title elementor-size-default\">Conoce un poco m\u00e1s.<\/p>\t\t<\/div>\n\t\t\t\t<\/div>\n\t\t\t\t\t<\/div>\n\t\t<\/div>\n\t\t\t\t\t<\/div>\n\t\t<\/section>\n\t\t\t\t<section class=\"elementor-section elementor-top-section elementor-element elementor-element-01b77ae elementor-reverse-mobile elementor-section-boxed elementor-section-height-default elementor-section-height-default\" data-id=\"01b77ae\" data-element_type=\"section\" data-settings=\"{&quot;background_background&quot;:&quot;classic&quot;}\">\n\t\t\t\t\t\t<div class=\"elementor-container elementor-column-gap-no\">\n\t\t\t\t\t<div class=\"elementor-column elementor-col-100 elementor-top-column elementor-element elementor-element-14d2d3a\" data-id=\"14d2d3a\" data-element_type=\"column\">\n\t\t\t<div class=\"elementor-widget-wrap elementor-element-populated\">\n\t\t\t\t\t\t<div class=\"elementor-element elementor-element-a6e24bb elementor-widget elementor-widget-video\" data-id=\"a6e24bb\" data-element_type=\"widget\" data-settings=\"{&quot;video_type&quot;:&quot;hosted&quot;,&quot;controls&quot;:&quot;yes&quot;}\" data-widget_type=\"video.default\">\n\t\t\t\t<div class=\"elementor-widget-container\">\n\t\t\t\t\t<div class=\"e-hosted-video elementor-wrapper elementor-open-inline\">\n\t\t\t\t\t<video class=\"elementor-video\" src=\"http:\/\/www.tomzacr.com\/wp-content\/uploads\/2024\/10\/Revision03-1-RESIZE-Videobolt.net-1.mp4\" controls=\"\" preload=\"metadata\" controlsList=\"nodownload\"><\/video>\n\t\t\t\t<\/div>\n\t\t\t\t<\/div>\n\t\t\t\t<\/div>\n\t\t\t\t\t<\/div>\n\t\t<\/div>\n\t\t\t\t<div class=\"elementor-column elementor-col-100 elementor-top-column elementor-element elementor-element-e261459\" data-id=\"e261459\" data-element_type=\"column\">\n\t\t\t<div class=\"elementor-widget-wrap elementor-element-populated\">\n\t\t\t\t\t\t<div class=\"elementor-element elementor-element-2affca4 elementor-widget elementor-widget-heading\" data-id=\"2affca4\" data-element_type=\"widget\" data-widget_type=\"heading.default\">\n\t\t\t\t<div class=\"elementor-widget-container\">\n\t\t\t<h2 class=\"elementor-heading-title elementor-size-default\">\u00a1Elige el sello Tomza! <\/h2>\t\t<\/div>\n\t\t\t\t<\/div>\n\t\t\t\t<section class=\"elementor-section elementor-inner-section elementor-element elementor-element-c2841ef elementor-section-boxed elementor-section-height-default elementor-section-height-default\" data-id=\"c2841ef\" data-element_type=\"section\">\n\t\t\t\t\t\t<div class=\"elementor-container elementor-column-gap-default\">\n\t\t\t\t\t<div class=\"elementor-column elementor-col-100 elementor-inner-column elementor-element elementor-element-8c94d8f\" data-id=\"8c94d8f\" data-element_type=\"column\">\n\t\t\t<div class=\"elementor-widget-wrap elementor-element-populated\">\n\t\t\t\t\t\t<div class=\"elementor-element elementor-element-b6a0640 elementor-widget elementor-widget-text-editor\" data-id=\"b6a0640\" data-element_type=\"widget\" data-widget_type=\"text-editor.default\">\n\t\t\t\t<div class=\"elementor-widget-container\">\n\t\t\t\t\t\t\t<p>Ofrecemos una soluci\u00f3n vers\u00e1til, econ\u00f3mica y confiable para suministrar energ\u00eda a todas partes gracias a su f\u00e1cil transporte e instalaci\u00f3n.<\/p>\t\t\t\t\t\t<\/div>\n\t\t\t\t<\/div>\n\t\t\t\t\t<\/div>\n\t\t<\/div>\n\t\t\t\t\t<\/div>\n\t\t<\/section>\n\t\t\t\t<section class=\"elementor-section elementor-inner-section elementor-element elementor-element-c4cb366 elementor-section-boxed elementor-section-height-default elementor-section-height-default\" data-id=\"c4cb366\" data-element_type=\"section\">\n\t\t\t\t\t\t<div class=\"elementor-container elementor-column-gap-default\">\n\t\t\t\t\t<div class=\"elementor-column elementor-col-100 elementor-inner-column elementor-element elementor-element-17384bc\" data-id=\"17384bc\" data-element_type=\"column\">\n\t\t\t<div class=\"elementor-widget-wrap elementor-element-populated\">\n\t\t\t\t\t\t<div class=\"elementor-element elementor-element-fa37a2a elementor-widget elementor-widget-text-editor\" data-id=\"fa37a2a\" data-element_type=\"widget\" data-widget_type=\"text-editor.default\">\n\t\t\t\t<div class=\"elementor-widget-container\">\n\t\t\t\t\t\t\t<p>En Gas Tomza contamos con la m\u00e1s alta tecnolog\u00eda de llenado de cilindros (Sistema TROYA), la cual puede cargar hasta m\u00e1s de 48 cilindros simult\u00e1neamente de diferentes capacidades, siendo l\u00edderes en envasado a nivel Nacional.<\/p>\t\t\t\t\t\t<\/div>\n\t\t\t\t<\/div>\n\t\t\t\t\t<\/div>\n\t\t<\/div>\n\t\t\t\t\t<\/div>\n\t\t<\/section>\n\t\t\t\t\t<\/div>\n\t\t<\/div>\n\t\t\t\t\t<\/div>\n\t\t<\/section>\n\t\t\t\t<section class=\"elementor-section elementor-top-section elementor-element elementor-element-c953fb9 elementor-section-boxed elementor-section-height-default elementor-section-height-default\" data-id=\"c953fb9\" data-element_type=\"section\" data-settings=\"{&quot;background_background&quot;:&quot;classic&quot;}\">\n\t\t\t\t\t\t<div class=\"elementor-container elementor-column-gap-no\">\n\t\t\t\t\t<div class=\"elementor-column elementor-col-50 elementor-top-column elementor-element elementor-element-6c66f0e\" data-id=\"6c66f0e\" data-element_type=\"column\">\n\t\t\t<div class=\"elementor-widget-wrap elementor-element-populated\">\n\t\t\t\t\t\t<div class=\"elementor-element elementor-element-4d2b65d elementor-widget elementor-widget-heading\" data-id=\"4d2b65d\" data-element_type=\"widget\" data-widget_type=\"heading.default\">\n\t\t\t\t<div class=\"elementor-widget-container\">\n\t\t\t<h2 class=\"elementor-heading-title elementor-size-default\">Energ\u00eda Confiable<\/h2>\t\t<\/div>\n\t\t\t\t<\/div>\n\t\t\t\t<div class=\"elementor-element elementor-element-ee56a39 elementor-widget elementor-widget-heading\" data-id=\"ee56a39\" data-element_type=\"widget\" data-widget_type=\"heading.default\">\n\t\t\t\t<div class=\"elementor-widget-container\">\n\t\t\t<p class=\"elementor-heading-title elementor-size-default\">Con una amplia flotilla vehicular en crecimiento, Gas Tomza llega hasta los lugares mas alejados del pa\u00eds, para abastecer todos nuestros puntos de venta y brindarle un servicio de excelencia a nuestros clientes.\nNuestros cilindros pasan por un proceso de inspecci\u00f3n que garantiza los m\u00e1s altos est\u00e1ndares de seguridad. <br>Nos preocupamos por la constante renovaci\u00f3n de nuestros cilindros gracias al apoyo de nuestra propia f\u00e1brica de Cilindros y Tanques perteneciente a Grupo Tomza Internacional.<\/p>\t\t<\/div>\n\t\t\t\t<\/div>\n\t\t\t\t\t<\/div>\n\t\t<\/div>\n\t\t\t\t<div class=\"elementor-column elementor-col-50 elementor-top-column elementor-element elementor-element-cbb8b05\" data-id=\"cbb8b05\" data-element_type=\"column\">\n\t\t\t<div class=\"elementor-widget-wrap elementor-element-populated\">\n\t\t\t\t\t\t<div class=\"elementor-element elementor-element-52b3cf2 elementor-widget elementor-widget-image\" data-id=\"52b3cf2\" data-element_type=\"widget\" data-widget_type=\"image.default\">\n\t\t\t\t<div class=\"elementor-widget-container\">\n\t\t\t\t\t\t\t\t\t\t\t\t\t<img fetchpriority=\"high\" decoding=\"async\" width=\"1200\" height=\"656\" src=\"https:\/\/www.tomzacr.com\/wp-content\/uploads\/2024\/10\/cilindrostomza-e1733941390360.png\" class=\"attachment-full size-full wp-image-3981\" alt=\"\" srcset=\"https:\/\/www.tomzacr.com\/wp-content\/uploads\/2024\/10\/cilindrostomza-e1733941390360.png 1200w, https:\/\/www.tomzacr.com\/wp-content\/uploads\/2024\/10\/cilindrostomza-e1733941390360-300x164.png 300w, https:\/\/www.tomzacr.com\/wp-content\/uploads\/2024\/10\/cilindrostomza-e1733941390360-1024x560.png 1024w, https:\/\/www.tomzacr.com\/wp-content\/uploads\/2024\/10\/cilindrostomza-e1733941390360-768x420.png 768w\" sizes=\"(max-width: 1200px) 100vw, 1200px\" \/>\t\t\t\t\t\t\t\t\t\t\t\t\t<\/div>\n\t\t\t\t<\/div>\n\t\t\t\t\t<\/div>\n\t\t<\/div>\n\t\t\t\t\t<\/div>\n\t\t<\/section>\n\t\t\t\t<section class=\"elementor-section elementor-top-section elementor-element elementor-element-0fe0f18 elementor-section-boxed elementor-section-height-default elementor-section-height-default\" data-id=\"0fe0f18\" data-element_type=\"section\">\n\t\t\t\t\t\t<div class=\"elementor-container elementor-column-gap-default\">\n\t\t\t\t\t<div class=\"elementor-column elementor-col-100 elementor-top-column elementor-element elementor-element-d09bc99\" data-id=\"d09bc99\" data-element_type=\"column\">\n\t\t\t<div class=\"elementor-widget-wrap elementor-element-populated\">\n\t\t\t\t\t\t<div class=\"elementor-element elementor-element-c7169cd elementor-align-center elementor-widget__width-inherit elementor-widget elementor-widget-button\" data-id=\"c7169cd\" data-element_type=\"widget\" data-widget_type=\"button.default\">\n\t\t\t\t<div class=\"elementor-widget-container\">\n\t\t\t\t\t<div class=\"elementor-button-wrapper\">\n\t\t\t<a class=\"elementor-button elementor-button-link elementor-size-xl\" href=\"https:\/\/wa.me\/+50664785532\">\n\t\t\t\t\t\t<span class=\"elementor-button-content-wrapper\">\n\t\t\t\t\t\t\t\t\t<span class=\"elementor-button-text\">Consulta Este Servicio<\/span>\n\t\t\t\t\t<\/span>\n\t\t\t\t\t<\/a>\n\t\t<\/div>\n\t\t\t\t<\/div>\n\t\t\t\t<\/div>\n\t\t\t\t\t<\/div>\n\t\t<\/div>\n\t\t\t\t\t<\/div>\n\t\t<\/section>\n\t\t\t\t<\/div>\n\t\t","protected":false},"excerpt":{"rendered":"<p>Cilindros Energ\u00eda port\u00e1til, siempre a tu alcance. Conoce un poco m\u00e1s. http:\/\/www.tomzacr.com\/wp-content\/uploads\/2024\/10\/Revision03-1-RESIZE-Videobolt.net-1.mp4 \u00a1Elige el sello Tomza! Ofrecemos una soluci\u00f3n vers\u00e1til, econ\u00f3mica y confiable para suministrar energ\u00eda a todas partes gracias a su f\u00e1cil transporte e instalaci\u00f3n. En Gas Tomza contamos con la m\u00e1s alta tecnolog\u00eda de llenado de cilindros (Sistema TROYA), la cual puede cargar [&hellip;]<\/p>\n","protected":false},"author":1,"featured_media":0,"parent":0,"menu_order":0,"comment_status":"closed","ping_status":"closed","template":"elementor_header_footer","meta":{"footnotes":""},"class_list":["post-2076","page","type-page","status-publish","hentry"],"_links":{"self":[{"href":"https:\/\/www.tomzacr.com\/index.php?rest_route=\/wp\/v2\/pages\/2076"}],"collection":[{"href":"https:\/\/www.tomzacr.com\/index.php?rest_route=\/wp\/v2\/pages"}],"about":[{"href":"https:\/\/www.tomzacr.com\/index.php?rest_route=\/wp\/v2\/types\/page"}],"author":[{"embeddable":true,"href":"https:\/\/www.tomzacr.com\/index.php?rest_route=\/wp\/v2\/users\/1"}],"replies":[{"embeddable":true,"href":"https:\/\/www.tomzacr.com\/index.php?rest_route=%2Fwp%2Fv2%2Fcomments&post=2076"}],"version-history":[{"count":140,"href":"https:\/\/www.tomzacr.com\/index.php?rest_route=\/wp\/v2\/pages\/2076\/revisions"}],"predecessor-version":[{"id":4066,"href":"https:\/\/www.tomzacr.com\/index.php?rest_route=\/wp\/v2\/pages\/2076\/revisions\/4066"}],"wp:attachment":[{"href":"https:\/\/www.tomzacr.com\/index.php?rest_route=%2Fwp%2Fv2%2Fmedia&parent=2076"}],"curies":[{"name":"wp","href":"https:\/\/api.w.org\/{rel}","templated":true}]}}