{"id":2928,"date":"2024-06-07T17:26:51","date_gmt":"2024-06-07T17:26:51","guid":{"rendered":"https:\/\/www.tomzacr.com\/?page_id=2928"},"modified":"2025-03-28T20:07:17","modified_gmt":"2025-03-28T20:07:17","slug":"noticias","status":"publish","type":"page","link":"https:\/\/www.tomzacr.com\/?page_id=2928","title":{"rendered":"Noticias"},"content":{"rendered":"\t\t<div data-elementor-type=\"wp-page\" data-elementor-id=\"2928\" class=\"elementor elementor-2928\" data-elementor-post-type=\"page\">\n\t\t\t\t\t\t<section class=\"elementor-section elementor-top-section elementor-element elementor-element-13d6fd1 elementor-section-height-min-height elementor-section-boxed elementor-section-height-default elementor-section-items-middle\" data-id=\"13d6fd1\" data-element_type=\"section\" data-settings=\"{&quot;background_background&quot;:&quot;classic&quot;}\">\n\t\t\t\t\t\t\t<div class=\"elementor-background-overlay\"><\/div>\n\t\t\t\t\t\t\t<div class=\"elementor-container elementor-column-gap-no\">\n\t\t\t\t\t<div class=\"elementor-column elementor-col-100 elementor-top-column elementor-element elementor-element-62b70e2\" data-id=\"62b70e2\" data-element_type=\"column\">\n\t\t\t<div class=\"elementor-widget-wrap elementor-element-populated\">\n\t\t\t\t\t\t<div class=\"elementor-element elementor-element-d834cad elementor-widget elementor-widget-heading\" data-id=\"d834cad\" data-element_type=\"widget\" data-widget_type=\"heading.default\">\n\t\t\t\t<div class=\"elementor-widget-container\">\n\t\t\t<h1 class=\"elementor-heading-title elementor-size-default\">Noticias<\/h1>\t\t<\/div>\n\t\t\t\t<\/div>\n\t\t\t\t<div class=\"elementor-element elementor-element-3f61a4f elementor-widget elementor-widget-heading\" data-id=\"3f61a4f\" data-element_type=\"widget\" data-widget_type=\"heading.default\">\n\t\t\t\t<div class=\"elementor-widget-container\">\n\t\t\t<p class=\"elementor-heading-title elementor-size-default\">Informaci\u00f3n y Tendencias<\/p>\t\t<\/div>\n\t\t\t\t<\/div>\n\t\t\t\t<div class=\"elementor-element elementor-element-f679331 elementor-widget elementor-widget-heading\" data-id=\"f679331\" data-element_type=\"widget\" data-widget_type=\"heading.default\">\n\t\t\t\t<div class=\"elementor-widget-container\">\n\t\t\t<p class=\"elementor-heading-title elementor-size-default\">Conoce un poco m\u00e1s sobre el gas<\/p>\t\t<\/div>\n\t\t\t\t<\/div>\n\t\t\t\t\t<\/div>\n\t\t<\/div>\n\t\t\t\t\t<\/div>\n\t\t<\/section>\n\t\t\t\t<section class=\"elementor-section elementor-top-section elementor-element elementor-element-fe94099 elementor-section-boxed elementor-section-height-default elementor-section-height-default\" data-id=\"fe94099\" data-element_type=\"section\">\n\t\t\t\t\t\t<div class=\"elementor-container elementor-column-gap-default\">\n\t\t\t\t\t<div class=\"elementor-column elementor-col-100 elementor-top-column elementor-element elementor-element-6491361\" data-id=\"6491361\" data-element_type=\"column\">\n\t\t\t<div class=\"elementor-widget-wrap elementor-element-populated\">\n\t\t\t\t\t\t<div class=\"elementor-element elementor-element-5c4d861 elementor-grid-3 elementor-grid-tablet-2 elementor-grid-mobile-1 elementor-posts--thumbnail-top elementor-widget elementor-widget-posts\" data-id=\"5c4d861\" data-element_type=\"widget\" data-settings=\"{&quot;classic_columns&quot;:&quot;3&quot;,&quot;classic_columns_tablet&quot;:&quot;2&quot;,&quot;classic_columns_mobile&quot;:&quot;1&quot;,&quot;classic_row_gap&quot;:{&quot;unit&quot;:&quot;px&quot;,&quot;size&quot;:35,&quot;sizes&quot;:[]},&quot;classic_row_gap_tablet&quot;:{&quot;unit&quot;:&quot;px&quot;,&quot;size&quot;:&quot;&quot;,&quot;sizes&quot;:[]},&quot;classic_row_gap_mobile&quot;:{&quot;unit&quot;:&quot;px&quot;,&quot;size&quot;:&quot;&quot;,&quot;sizes&quot;:[]}}\" data-widget_type=\"posts.classic\">\n\t\t\t\t<div class=\"elementor-widget-container\">\n\t\t\t\t\t<div class=\"elementor-posts-container elementor-posts elementor-posts--skin-classic elementor-grid\">\n\t\t\t\t<article class=\"elementor-post elementor-grid-item post-4148 post type-post status-publish format-standard has-post-thumbnail hentry category-seguridad\">\n\t\t\t\t<a class=\"elementor-post__thumbnail__link\" href=\"https:\/\/www.tomzacr.com\/?p=4148\" tabindex=\"-1\" >\n\t\t\t<div class=\"elementor-post__thumbnail\"><img fetchpriority=\"high\" decoding=\"async\" width=\"800\" height=\"693\" src=\"https:\/\/www.tomzacr.com\/wp-content\/uploads\/2024\/05\/IMG_1354-1024x887.jpg\" class=\"attachment-large size-large wp-image-2592\" alt=\"\" srcset=\"https:\/\/www.tomzacr.com\/wp-content\/uploads\/2024\/05\/IMG_1354-1024x887.jpg 1024w, https:\/\/www.tomzacr.com\/wp-content\/uploads\/2024\/05\/IMG_1354-300x260.jpg 300w, https:\/\/www.tomzacr.com\/wp-content\/uploads\/2024\/05\/IMG_1354-768x666.jpg 768w, https:\/\/www.tomzacr.com\/wp-content\/uploads\/2024\/05\/IMG_1354.jpg 1500w\" sizes=\"(max-width: 800px) 100vw, 800px\" \/><\/div>\n\t\t<\/a>\n\t\t\t\t<div class=\"elementor-post__text\">\n\t\t\t\t<h3 class=\"elementor-post__title\">\n\t\t\t<a href=\"https:\/\/www.tomzacr.com\/?p=4148\" >\n\t\t\t\tTodo lo que necesita saber del Gas LP\t\t\t<\/a>\n\t\t<\/h3>\n\t\t\t\t<div class=\"elementor-post__excerpt\">\n\t\t\t<p>https:\/\/www.bomberos.go.cr\/campana-glp\/<\/p>\n\t\t<\/div>\n\t\t\t\t\t<div class=\"elementor-post__read-more-wrapper\">\n\t\t\n\t\t<a class=\"elementor-post__read-more\" href=\"https:\/\/www.tomzacr.com\/?p=4148\" aria-label=\"Read more about Todo lo que necesita saber del Gas LP\" tabindex=\"-1\" >\n\t\t\tLeer M\u00e1s \u00bb\t\t<\/a>\n\n\t\t\t\t\t<\/div>\n\t\t\t\t<\/div>\n\t\t\t\t<\/article>\n\t\t\t\t<article class=\"elementor-post elementor-grid-item post-4146 post type-post status-publish format-standard has-post-thumbnail hentry category-ambiente\">\n\t\t\t\t<a class=\"elementor-post__thumbnail__link\" href=\"https:\/\/www.tomzacr.com\/?p=4146\" tabindex=\"-1\" >\n\t\t\t<div class=\"elementor-post__thumbnail\"><img decoding=\"async\" width=\"800\" height=\"450\" src=\"https:\/\/www.tomzacr.com\/wp-content\/uploads\/2024\/12\/LOGO-CARBONO-SITIO-WEB-1024x576.png\" class=\"attachment-large size-large wp-image-4280\" alt=\"\" srcset=\"https:\/\/www.tomzacr.com\/wp-content\/uploads\/2024\/12\/LOGO-CARBONO-SITIO-WEB-1024x576.png 1024w, https:\/\/www.tomzacr.com\/wp-content\/uploads\/2024\/12\/LOGO-CARBONO-SITIO-WEB-300x169.png 300w, https:\/\/www.tomzacr.com\/wp-content\/uploads\/2024\/12\/LOGO-CARBONO-SITIO-WEB-768x432.png 768w, https:\/\/www.tomzacr.com\/wp-content\/uploads\/2024\/12\/LOGO-CARBONO-SITIO-WEB-1536x864.png 1536w, https:\/\/www.tomzacr.com\/wp-content\/uploads\/2024\/12\/LOGO-CARBONO-SITIO-WEB.png 1920w\" sizes=\"(max-width: 800px) 100vw, 800px\" \/><\/div>\n\t\t<\/a>\n\t\t\t\t<div class=\"elementor-post__text\">\n\t\t\t\t<h3 class=\"elementor-post__title\">\n\t\t\t<a href=\"https:\/\/www.tomzacr.com\/?p=4146\" >\n\t\t\t\tGas Tomza de la mano con la sostenibilidad.\u00a0\t\t\t<\/a>\n\t\t<\/h3>\n\t\t\t\t<div class=\"elementor-post__excerpt\">\n\t\t\t<p>Gas Tomza posee un alto compromiso ambiental y social, por lo que contamos con una pol\u00edtica en Seguridad Ocupacional y Ambiente que respalda nuestro actuar<\/p>\n\t\t<\/div>\n\t\t\t\t\t<div class=\"elementor-post__read-more-wrapper\">\n\t\t\n\t\t<a class=\"elementor-post__read-more\" href=\"https:\/\/www.tomzacr.com\/?p=4146\" aria-label=\"Read more about Gas Tomza de la mano con la sostenibilidad.\u00a0\" tabindex=\"-1\" >\n\t\t\tLeer M\u00e1s \u00bb\t\t<\/a>\n\n\t\t\t\t\t<\/div>\n\t\t\t\t<\/div>\n\t\t\t\t<\/article>\n\t\t\t\t<article class=\"elementor-post elementor-grid-item post-4141 post type-post status-publish format-standard has-post-thumbnail hentry category-seguridad\">\n\t\t\t\t<a class=\"elementor-post__thumbnail__link\" href=\"https:\/\/www.tomzacr.com\/?p=4141\" tabindex=\"-1\" >\n\t\t\t<div class=\"elementor-post__thumbnail\"><img decoding=\"async\" width=\"800\" height=\"438\" src=\"https:\/\/www.tomzacr.com\/wp-content\/uploads\/2024\/10\/cilindrostomza-e1733941390360-1024x560.png\" class=\"attachment-large size-large wp-image-3981\" alt=\"\" srcset=\"https:\/\/www.tomzacr.com\/wp-content\/uploads\/2024\/10\/cilindrostomza-e1733941390360-1024x560.png 1024w, https:\/\/www.tomzacr.com\/wp-content\/uploads\/2024\/10\/cilindrostomza-e1733941390360-300x164.png 300w, https:\/\/www.tomzacr.com\/wp-content\/uploads\/2024\/10\/cilindrostomza-e1733941390360-768x420.png 768w, https:\/\/www.tomzacr.com\/wp-content\/uploads\/2024\/10\/cilindrostomza-e1733941390360.png 1200w\" sizes=\"(max-width: 800px) 100vw, 800px\" \/><\/div>\n\t\t<\/a>\n\t\t\t\t<div class=\"elementor-post__text\">\n\t\t\t\t<h3 class=\"elementor-post__title\">\n\t\t\t<a href=\"https:\/\/www.tomzacr.com\/?p=4141\" >\n\t\t\t\tCilindros port\u00e1tiles\u00a0\t\t\t<\/a>\n\t\t<\/h3>\n\t\t\t\t<div class=\"elementor-post__excerpt\">\n\t\t\t<p>\u00bfQu\u00e9 es un cilindro port\u00e1til?&nbsp; Es un recipiente de almacenamiento port\u00e1til a presi\u00f3n que viene en capacidades entre 5 libras a 100 libras. La instalaci\u00f3n<\/p>\n\t\t<\/div>\n\t\t\t\t\t<div class=\"elementor-post__read-more-wrapper\">\n\t\t\n\t\t<a class=\"elementor-post__read-more\" href=\"https:\/\/www.tomzacr.com\/?p=4141\" aria-label=\"Read more about Cilindros port\u00e1tiles\u00a0\" tabindex=\"-1\" >\n\t\t\tLeer M\u00e1s \u00bb\t\t<\/a>\n\n\t\t\t\t\t<\/div>\n\t\t\t\t<\/div>\n\t\t\t\t<\/article>\n\t\t\t\t<article class=\"elementor-post elementor-grid-item post-4134 post type-post status-publish format-standard has-post-thumbnail hentry category-seguridad\">\n\t\t\t\t<a class=\"elementor-post__thumbnail__link\" href=\"https:\/\/www.tomzacr.com\/?p=4134\" tabindex=\"-1\" >\n\t\t\t<div class=\"elementor-post__thumbnail\"><img loading=\"lazy\" decoding=\"async\" width=\"800\" height=\"495\" src=\"https:\/\/www.tomzacr.com\/wp-content\/uploads\/2024\/12\/IMG_1416_nb-1024x633.png\" class=\"attachment-large size-large wp-image-4139\" alt=\"\" srcset=\"https:\/\/www.tomzacr.com\/wp-content\/uploads\/2024\/12\/IMG_1416_nb-1024x633.png 1024w, https:\/\/www.tomzacr.com\/wp-content\/uploads\/2024\/12\/IMG_1416_nb-300x185.png 300w, https:\/\/www.tomzacr.com\/wp-content\/uploads\/2024\/12\/IMG_1416_nb-768x475.png 768w, https:\/\/www.tomzacr.com\/wp-content\/uploads\/2024\/12\/IMG_1416_nb-1536x950.png 1536w, https:\/\/www.tomzacr.com\/wp-content\/uploads\/2024\/12\/IMG_1416_nb-2048x1266.png 2048w\" sizes=\"(max-width: 800px) 100vw, 800px\" \/><\/div>\n\t\t<\/a>\n\t\t\t\t<div class=\"elementor-post__text\">\n\t\t\t\t<h3 class=\"elementor-post__title\">\n\t\t\t<a href=\"https:\/\/www.tomzacr.com\/?p=4134\" >\n\t\t\t\t\u00a0Tanques estacionarios\u00a0\t\t\t<\/a>\n\t\t<\/h3>\n\t\t\t\t<div class=\"elementor-post__excerpt\">\n\t\t\t<p>\u00bfQu\u00e9 es un tanque estacionario de Gas LP?\u00a0 Es un recipiente de almacenamiento estacionario a presi\u00f3n que tiene capacidad entre 120 galones hasta 1321 galones<\/p>\n\t\t<\/div>\n\t\t\t\t\t<div class=\"elementor-post__read-more-wrapper\">\n\t\t\n\t\t<a class=\"elementor-post__read-more\" href=\"https:\/\/www.tomzacr.com\/?p=4134\" aria-label=\"Read more about \u00a0Tanques estacionarios\u00a0\" tabindex=\"-1\" >\n\t\t\tLeer M\u00e1s \u00bb\t\t<\/a>\n\n\t\t\t\t\t<\/div>\n\t\t\t\t<\/div>\n\t\t\t\t<\/article>\n\t\t\t\t<\/div>\n\t\t\n\t\t\t\t<\/div>\n\t\t\t\t<\/div>\n\t\t\t\t\t<\/div>\n\t\t<\/div>\n\t\t\t\t\t<\/div>\n\t\t<\/section>\n\t\t\t\t<\/div>\n\t\t","protected":false},"excerpt":{"rendered":"<p>Noticias Informaci\u00f3n y Tendencias Conoce un poco m\u00e1s sobre el gas<\/p>\n","protected":false},"author":1,"featured_media":0,"parent":0,"menu_order":0,"comment_status":"closed","ping_status":"closed","template":"elementor_header_footer","meta":{"footnotes":""},"class_list":["post-2928","page","type-page","status-publish","hentry"],"_links":{"self":[{"href":"https:\/\/www.tomzacr.com\/index.php?rest_route=\/wp\/v2\/pages\/2928"}],"collection":[{"href":"https:\/\/www.tomzacr.com\/index.php?rest_route=\/wp\/v2\/pages"}],"about":[{"href":"https:\/\/www.tomzacr.com\/index.php?rest_route=\/wp\/v2\/types\/page"}],"author":[{"embeddable":true,"href":"https:\/\/www.tomzacr.com\/index.php?rest_route=\/wp\/v2\/users\/1"}],"replies":[{"embeddable":true,"href":"https:\/\/www.tomzacr.com\/index.php?rest_route=%2Fwp%2Fv2%2Fcomments&post=2928"}],"version-history":[{"count":64,"href":"https:\/\/www.tomzacr.com\/index.php?rest_route=\/wp\/v2\/pages\/2928\/revisions"}],"predecessor-version":[{"id":4204,"href":"https:\/\/www.tomzacr.com\/index.php?rest_route=\/wp\/v2\/pages\/2928\/revisions\/4204"}],"wp:attachment":[{"href":"https:\/\/www.tomzacr.com\/index.php?rest_route=%2Fwp%2Fv2%2Fmedia&parent=2928"}],"curies":[{"name":"wp","href":"https:\/\/api.w.org\/{rel}","templated":true}]}}