{"id":3565,"date":"2024-07-19T20:21:21","date_gmt":"2024-07-19T20:21:21","guid":{"rendered":"https:\/\/www.tomzacr.com\/?page_id=3565"},"modified":"2024-08-12T17:34:53","modified_gmt":"2024-08-12T17:34:53","slug":"tomza-internacional","status":"publish","type":"page","link":"https:\/\/www.tomzacr.com\/?page_id=3565","title":{"rendered":"Tomza internacional"},"content":{"rendered":"\t\t<div data-elementor-type=\"wp-page\" data-elementor-id=\"3565\" class=\"elementor elementor-3565\" data-elementor-post-type=\"page\">\n\t\t\t\t\t\t<section class=\"elementor-section elementor-top-section elementor-element elementor-element-1306319 elementor-section-height-min-height elementor-section-boxed elementor-section-height-default elementor-section-items-middle\" data-id=\"1306319\" data-element_type=\"section\" data-settings=\"{&quot;background_background&quot;:&quot;classic&quot;}\">\n\t\t\t\t\t\t\t<div class=\"elementor-background-overlay\"><\/div>\n\t\t\t\t\t\t\t<div class=\"elementor-container elementor-column-gap-no\">\n\t\t\t\t\t<div class=\"elementor-column elementor-col-100 elementor-top-column elementor-element elementor-element-43480a3\" data-id=\"43480a3\" data-element_type=\"column\">\n\t\t\t<div class=\"elementor-widget-wrap elementor-element-populated\">\n\t\t\t\t\t\t<div class=\"elementor-element elementor-element-1ef6ee9 elementor-widget elementor-widget-heading\" data-id=\"1ef6ee9\" data-element_type=\"widget\" data-widget_type=\"heading.default\">\n\t\t\t\t<div class=\"elementor-widget-container\">\n\t\t\t<h1 class=\"elementor-heading-title elementor-size-default\">Tomza internacional<\/h1>\t\t<\/div>\n\t\t\t\t<\/div>\n\t\t\t\t<div class=\"elementor-element elementor-element-7e93c44 elementor-widget elementor-widget-heading\" data-id=\"7e93c44\" data-element_type=\"widget\" data-widget_type=\"heading.default\">\n\t\t\t\t<div class=\"elementor-widget-container\">\n\t\t\t<p class=\"elementor-heading-title elementor-size-default\">Somos Grupo Tomza<\/p>\t\t<\/div>\n\t\t\t\t<\/div>\n\t\t\t\t<div class=\"elementor-element elementor-element-03a36cc elementor-widget elementor-widget-heading\" data-id=\"03a36cc\" data-element_type=\"widget\" data-widget_type=\"heading.default\">\n\t\t\t\t<div class=\"elementor-widget-container\">\n\t\t\t<p class=\"elementor-heading-title elementor-size-default\">Conoce un poco m\u00e1s. <\/p>\t\t<\/div>\n\t\t\t\t<\/div>\n\t\t\t\t\t<\/div>\n\t\t<\/div>\n\t\t\t\t\t<\/div>\n\t\t<\/section>\n\t\t\t\t<section class=\"elementor-section elementor-top-section elementor-element elementor-element-4e4e070 elementor-section-boxed elementor-section-height-default elementor-section-height-default\" data-id=\"4e4e070\" data-element_type=\"section\">\n\t\t\t\t\t\t<div class=\"elementor-container elementor-column-gap-default\">\n\t\t\t\t\t<div class=\"elementor-column elementor-col-50 elementor-top-column elementor-element elementor-element-b7290af\" data-id=\"b7290af\" data-element_type=\"column\">\n\t\t\t<div class=\"elementor-widget-wrap elementor-element-populated\">\n\t\t\t\t\t\t<div class=\"elementor-element elementor-element-e94039c elementor-widget elementor-widget-image\" data-id=\"e94039c\" data-element_type=\"widget\" data-widget_type=\"image.default\">\n\t\t\t\t<div class=\"elementor-widget-container\">\n\t\t\t\t\t\t\t\t\t\t\t\t\t<img fetchpriority=\"high\" decoding=\"async\" src=\"https:\/\/www.tomzacr.com\/wp-content\/uploads\/2024\/07\/targeting.svg\" class=\"attachment-large size-large wp-image-3612\" alt=\"\" height=\"512\" width=\"512\" srcset=\"https:\/\/www.tomzacr.com\/wp-content\/uploads\/\/2024\/07\/targeting.svg 150w, https:\/\/www.tomzacr.com\/wp-content\/uploads\/\/2024\/07\/targeting.svg 300w, https:\/\/www.tomzacr.com\/wp-content\/uploads\/\/2024\/07\/targeting.svg 1024w, https:\/\/www.tomzacr.com\/wp-content\/uploads\/\/2024\/07\/targeting.svg 1536w, https:\/\/www.tomzacr.com\/wp-content\/uploads\/\/2024\/07\/targeting.svg 2048w, https:\/\/www.tomzacr.com\/wp-content\/uploads\/\/2024\/07\/targeting.svg 512w\" sizes=\"(max-width: 512px) 100vw, 512px\" \/>\t\t\t\t\t\t\t\t\t\t\t\t\t<\/div>\n\t\t\t\t<\/div>\n\t\t\t\t<div class=\"elementor-element elementor-element-3184392 elementor-widget elementor-widget-heading\" data-id=\"3184392\" data-element_type=\"widget\" data-widget_type=\"heading.default\">\n\t\t\t\t<div class=\"elementor-widget-container\">\n\t\t\t<p class=\"elementor-heading-title elementor-size-default\">Visi\u00f3n<\/p>\t\t<\/div>\n\t\t\t\t<\/div>\n\t\t\t\t<div class=\"elementor-element elementor-element-95cc208 elementor-widget elementor-widget-text-editor\" data-id=\"95cc208\" data-element_type=\"widget\" data-widget_type=\"text-editor.default\">\n\t\t\t\t<div class=\"elementor-widget-container\">\n\t\t\t\t\t\t\t<div class=\"flex-shrink-0 flex flex-col relative items-end\"><div><div class=\"pt-0\"><div class=\"gizmo-bot-avatar flex h-8 w-8 items-center justify-center overflow-hidden rounded-full\"><div class=\"relative p-1 rounded-sm flex items-center justify-center bg-token-main-surface-primary text-token-text-primary h-8 w-8\"><div class=\"flex-col gap-1 md:gap-3\"><div class=\"flex flex-grow flex-col max-w-full\"><div class=\"min-h-[20px] text-message flex w-full flex-col items-end gap-2 whitespace-pre-wrap break-words [.text-message+&amp;]:mt-5 overflow-x-auto\" dir=\"auto\" data-message-author-role=\"assistant\" data-message-id=\"40be8b4d-72e6-457d-a546-465fc232ce7e\"><div class=\"flex w-full flex-col gap-1 empty:hidden first:pt-[3px]\"><div class=\"markdown prose w-full break-words dark:prose-invert dark\"><p>Aspiramos a ser el grupo gasero l\u00edder en el mercado nacional y centroamericano en la importaci\u00f3n, almacenamiento, transporte, distribuci\u00f3n y venta de Gas LP. Contamos con un talento humano altamente capacitado y socialmente responsable, y buscamos una participaci\u00f3n creciente en el mercado internacional. Nos comprometemos a consolidarnos con rentabilidad en los sectores industrial, dom\u00e9stico y comercial, mediante altos est\u00e1ndares de seguridad y un enfoque en la mejora continua, para lograr el liderazgo y el crecimiento sostenido de nuestra corporaci\u00f3n.<\/p><\/div><\/div><\/div><\/div><\/div><\/div><\/div><\/div><\/div><\/div>\t\t\t\t\t\t<\/div>\n\t\t\t\t<\/div>\n\t\t\t\t\t<\/div>\n\t\t<\/div>\n\t\t\t\t<div class=\"elementor-column elementor-col-50 elementor-top-column elementor-element elementor-element-32436cf\" data-id=\"32436cf\" data-element_type=\"column\">\n\t\t\t<div class=\"elementor-widget-wrap elementor-element-populated\">\n\t\t\t\t\t\t<div class=\"elementor-element elementor-element-80106fc elementor-widget elementor-widget-image\" data-id=\"80106fc\" data-element_type=\"widget\" data-widget_type=\"image.default\">\n\t\t\t\t<div class=\"elementor-widget-container\">\n\t\t\t\t\t\t\t\t\t\t\t\t\t<img decoding=\"async\" src=\"https:\/\/www.tomzacr.com\/wp-content\/uploads\/2024\/07\/mission.svg\" class=\"attachment-large size-large wp-image-3613\" alt=\"\" height=\"512\" width=\"512\" srcset=\"https:\/\/www.tomzacr.com\/wp-content\/uploads\/\/2024\/07\/mission.svg 150w, https:\/\/www.tomzacr.com\/wp-content\/uploads\/\/2024\/07\/mission.svg 300w, https:\/\/www.tomzacr.com\/wp-content\/uploads\/\/2024\/07\/mission.svg 1024w, https:\/\/www.tomzacr.com\/wp-content\/uploads\/\/2024\/07\/mission.svg 1536w, https:\/\/www.tomzacr.com\/wp-content\/uploads\/\/2024\/07\/mission.svg 2048w, https:\/\/www.tomzacr.com\/wp-content\/uploads\/\/2024\/07\/mission.svg 512w\" sizes=\"(max-width: 512px) 100vw, 512px\" \/>\t\t\t\t\t\t\t\t\t\t\t\t\t<\/div>\n\t\t\t\t<\/div>\n\t\t\t\t<div class=\"elementor-element elementor-element-dd23649 elementor-widget elementor-widget-heading\" data-id=\"dd23649\" data-element_type=\"widget\" data-widget_type=\"heading.default\">\n\t\t\t\t<div class=\"elementor-widget-container\">\n\t\t\t<p class=\"elementor-heading-title elementor-size-default\">Misi\u00f3n<\/p>\t\t<\/div>\n\t\t\t\t<\/div>\n\t\t\t\t<div class=\"elementor-element elementor-element-b7570d5 elementor-widget elementor-widget-text-editor\" data-id=\"b7570d5\" data-element_type=\"widget\" data-widget_type=\"text-editor.default\">\n\t\t\t\t<div class=\"elementor-widget-container\">\n\t\t\t\t\t\t\t<p>Estamos comprometidos a satisfacer permanentemente las necesidades energ\u00e9ticas de nuestros clientes mediante el suministro de Gas L.P., cumpliendo sus expectativas de manera segura, eficiente y eficaz. Brindamos al mercado dom\u00e9stico, industrial y comercial un servicio amable, continuo, preciso y de alta calidad, respaldado por el compromiso y esfuerzo de nuestro equipo humano. Ofrecemos pol\u00edticas de calidad que garantizan las mejores condiciones de seguridad y protecci\u00f3n al medio ambiente.<\/p>\t\t\t\t\t\t<\/div>\n\t\t\t\t<\/div>\n\t\t\t\t\t<\/div>\n\t\t<\/div>\n\t\t\t\t\t<\/div>\n\t\t<\/section>\n\t\t\t\t<section class=\"elementor-section elementor-top-section elementor-element elementor-element-12fe46e elementor-section-boxed elementor-section-height-default elementor-section-height-default\" data-id=\"12fe46e\" data-element_type=\"section\">\n\t\t\t\t\t\t<div class=\"elementor-container elementor-column-gap-default\">\n\t\t\t\t\t<div class=\"elementor-column elementor-col-100 elementor-top-column elementor-element elementor-element-71b32a6\" data-id=\"71b32a6\" data-element_type=\"column\">\n\t\t\t<div class=\"elementor-widget-wrap elementor-element-populated\">\n\t\t\t\t\t\t<div class=\"elementor-element elementor-element-e2cd950 elementor-widget elementor-widget-heading\" data-id=\"e2cd950\" data-element_type=\"widget\" data-widget_type=\"heading.default\">\n\t\t\t\t<div class=\"elementor-widget-container\">\n\t\t\t<h1 class=\"elementor-heading-title elementor-size-default\">60+ de experiencia en Centroam\u00e9rica<\/h1>\t\t<\/div>\n\t\t\t\t<\/div>\n\t\t\t\t\t<\/div>\n\t\t<\/div>\n\t\t\t\t\t<\/div>\n\t\t<\/section>\n\t\t\t\t<section class=\"elementor-section elementor-top-section elementor-element elementor-element-fa6bb82 elementor-section-boxed elementor-section-height-default elementor-section-height-default\" data-id=\"fa6bb82\" data-element_type=\"section\">\n\t\t\t\t\t\t<div class=\"elementor-container elementor-column-gap-default\">\n\t\t\t\t\t<div class=\"elementor-column elementor-col-33 elementor-top-column elementor-element elementor-element-6c66a13\" data-id=\"6c66a13\" data-element_type=\"column\">\n\t\t\t<div class=\"elementor-widget-wrap elementor-element-populated\">\n\t\t\t\t\t\t<div class=\"elementor-element elementor-element-dd224e9 elementor-widget elementor-widget-heading\" data-id=\"dd224e9\" data-element_type=\"widget\" data-widget_type=\"heading.default\">\n\t\t\t\t<div class=\"elementor-widget-container\">\n\t\t\t<p class=\"elementor-heading-title elementor-size-default\">GRUPO TOMZA INTERNACIONAL <\/p>\t\t<\/div>\n\t\t\t\t<\/div>\n\t\t\t\t<div class=\"elementor-element elementor-element-8b92a27 elementor-widget elementor-widget-text-editor\" data-id=\"8b92a27\" data-element_type=\"widget\" data-widget_type=\"text-editor.default\">\n\t\t\t\t<div class=\"elementor-widget-container\">\n\t\t\t\t\t\t\t<div class=\"flex-shrink-0 flex flex-col relative items-end\"><div class=\"pt-0.5 juice:pt-0\"><div class=\"gizmo-bot-avatar flex h-6 w-6 items-center justify-center overflow-hidden rounded-full juice:h-8 juice:w-8\"><div class=\"relative p-1 rounded-sm flex items-center justify-center bg-token-main-surface-primary text-token-text-primary h-8 w-8\"><span class=\"TextRun SCXW150548853 BCX0\" lang=\"ES-CR\" xml:lang=\"ES-CR\" data-contrast=\"auto\"><span class=\"NormalTextRun SCXW150548853 BCX0\">Pertenecemos a Grupo <\/span><span class=\"NormalTextRun SpellingErrorV2Themed SCXW150548853 BCX0\">Tomza<\/span><span class=\"NormalTextRun SCXW150548853 BCX0\">; empresa internacional, lideres <\/span><\/span><span class=\"TextRun SCXW150548853 BCX0\" lang=\"ES-CR\" xml:lang=\"ES-CR\" data-contrast=\"none\"><span class=\"NormalTextRun SCXW150548853 BCX0\">en la distribuci\u00f3n<\/span><span class=\"NormalTextRun SCXW150548853 BCX0\">,<\/span><span class=\"NormalTextRun SCXW150548853 BCX0\"> almacenamiento, envasado, comercializaci\u00f3n e importaci\u00f3n de Gas LP <\/span><\/span>Grupo Tomza es el mayor grupo gasero de M\u00e9xico y Centroam\u00e9rica, especializado en la importaci\u00f3n, almacenamiento, distribuci\u00f3n y comercializaci\u00f3n de Gas LP. Con presencia en 16 estados de M\u00e9xico y 6 pa\u00edses centroamericanos, emplea a m\u00e1s de 12,000 personas.<\/div><\/div><\/div><\/div><p class=\"card-text text-center\" style=\"margin-bottom: 1rem; color: #212529; font-family: Roboto, sans-serif; font-size: 16px; letter-spacing: normal; text-align: center !important;\">\u00a0<\/p>\t\t\t\t\t\t<\/div>\n\t\t\t\t<\/div>\n\t\t\t\t\t<\/div>\n\t\t<\/div>\n\t\t\t\t<div class=\"elementor-column elementor-col-66 elementor-top-column elementor-element elementor-element-7e93bc5\" data-id=\"7e93bc5\" data-element_type=\"column\">\n\t\t\t<div class=\"elementor-widget-wrap elementor-element-populated\">\n\t\t\t\t\t\t<div class=\"elementor-element elementor-element-751f530 elementor-widget elementor-widget-image\" data-id=\"751f530\" data-element_type=\"widget\" data-widget_type=\"image.default\">\n\t\t\t\t<div class=\"elementor-widget-container\">\n\t\t\t\t\t\t\t\t\t\t\t\t\t<img decoding=\"async\" width=\"800\" height=\"534\" src=\"https:\/\/www.tomzacr.com\/wp-content\/uploads\/2024\/06\/Mapa-1024x683.jpg\" class=\"attachment-large size-large wp-image-3035\" alt=\"\" srcset=\"https:\/\/www.tomzacr.com\/wp-content\/uploads\/2024\/06\/Mapa-1024x683.jpg 1024w, https:\/\/www.tomzacr.com\/wp-content\/uploads\/2024\/06\/Mapa-300x200.jpg 300w, https:\/\/www.tomzacr.com\/wp-content\/uploads\/2024\/06\/Mapa-768x512.jpg 768w, https:\/\/www.tomzacr.com\/wp-content\/uploads\/2024\/06\/Mapa.jpg 1500w\" sizes=\"(max-width: 800px) 100vw, 800px\" \/>\t\t\t\t\t\t\t\t\t\t\t\t\t<\/div>\n\t\t\t\t<\/div>\n\t\t\t\t\t<\/div>\n\t\t<\/div>\n\t\t\t\t\t<\/div>\n\t\t<\/section>\n\t\t\t\t<section class=\"elementor-section elementor-top-section elementor-element elementor-element-8a4d34b elementor-section-height-min-height elementor-section-boxed elementor-section-height-default elementor-section-items-middle\" data-id=\"8a4d34b\" data-element_type=\"section\" data-settings=\"{&quot;background_background&quot;:&quot;video&quot;,&quot;background_video_link&quot;:&quot;https:\\\/\\\/www.youtube.com\\\/watch?v=G4LjK65kpLM&quot;,&quot;background_video_start&quot;:0}\">\n\t\t\t\t\t\t\t\t<div class=\"elementor-background-video-container elementor-hidden-phone\">\n\t\t\t\t\t\t\t\t\t\t\t\t\t<div class=\"elementor-background-video-embed\"><\/div>\n\t\t\t\t\t\t\t\t\t\t\t\t<\/div>\n\t\t\t\t\t\t\t\t<div class=\"elementor-container elementor-column-gap-default\">\n\t\t\t\t\t<div class=\"elementor-column elementor-col-100 elementor-top-column elementor-element elementor-element-65e03de\" data-id=\"65e03de\" data-element_type=\"column\">\n\t\t\t<div class=\"elementor-widget-wrap\">\n\t\t\t\t\t\t\t<\/div>\n\t\t<\/div>\n\t\t\t\t\t<\/div>\n\t\t<\/section>\n\t\t\t\t<section class=\"elementor-section elementor-top-section elementor-element elementor-element-4ddc44d elementor-section-boxed elementor-section-height-default elementor-section-height-default\" data-id=\"4ddc44d\" data-element_type=\"section\">\n\t\t\t\t\t\t<div class=\"elementor-container elementor-column-gap-default\">\n\t\t\t\t\t<div class=\"elementor-column elementor-col-100 elementor-top-column elementor-element elementor-element-2feca2b\" data-id=\"2feca2b\" data-element_type=\"column\">\n\t\t\t<div class=\"elementor-widget-wrap elementor-element-populated\">\n\t\t\t\t\t\t<div class=\"elementor-element elementor-element-b21a409 elementor-widget elementor-widget-heading\" data-id=\"b21a409\" data-element_type=\"widget\" data-widget_type=\"heading.default\">\n\t\t\t\t<div class=\"elementor-widget-container\">\n\t\t\t<p class=\"elementor-heading-title elementor-size-default\">Su Mejor Aliado<\/p>\t\t<\/div>\n\t\t\t\t<\/div>\n\t\t\t\t\t<\/div>\n\t\t<\/div>\n\t\t\t\t\t<\/div>\n\t\t<\/section>\n\t\t\t\t<section class=\"elementor-section elementor-top-section elementor-element elementor-element-67e956c elementor-section-boxed elementor-section-height-default elementor-section-height-default\" data-id=\"67e956c\" data-element_type=\"section\">\n\t\t\t\t\t\t<div class=\"elementor-container elementor-column-gap-default\">\n\t\t\t\t\t<div class=\"elementor-column elementor-col-33 elementor-top-column elementor-element elementor-element-c87f77a\" data-id=\"c87f77a\" data-element_type=\"column\">\n\t\t\t<div class=\"elementor-widget-wrap elementor-element-populated\">\n\t\t\t\t\t\t<div class=\"elementor-element elementor-element-68dabdc elementor-widget__width-initial elementor-widget elementor-widget-image\" data-id=\"68dabdc\" data-element_type=\"widget\" data-widget_type=\"image.default\">\n\t\t\t\t<div class=\"elementor-widget-container\">\n\t\t\t\t\t\t\t\t\t\t\t\t\t<img loading=\"lazy\" decoding=\"async\" src=\"https:\/\/www.tomzacr.com\/wp-content\/uploads\/2024\/07\/SECURITY.svg\" class=\"attachment-large size-large wp-image-3575\" alt=\"\" height=\"512\" width=\"512\" srcset=\"https:\/\/www.tomzacr.com\/wp-content\/uploads\/\/2024\/07\/SECURITY.svg 150w, https:\/\/www.tomzacr.com\/wp-content\/uploads\/\/2024\/07\/SECURITY.svg 300w, https:\/\/www.tomzacr.com\/wp-content\/uploads\/\/2024\/07\/SECURITY.svg 1024w, https:\/\/www.tomzacr.com\/wp-content\/uploads\/\/2024\/07\/SECURITY.svg 1536w, https:\/\/www.tomzacr.com\/wp-content\/uploads\/\/2024\/07\/SECURITY.svg 2048w, https:\/\/www.tomzacr.com\/wp-content\/uploads\/\/2024\/07\/SECURITY.svg 512w\" sizes=\"(max-width: 512px) 100vw, 512px\" \/>\t\t\t\t\t\t\t\t\t\t\t\t\t<\/div>\n\t\t\t\t<\/div>\n\t\t\t\t<div class=\"elementor-element elementor-element-d0bf331 elementor-widget elementor-widget-heading\" data-id=\"d0bf331\" data-element_type=\"widget\" data-widget_type=\"heading.default\">\n\t\t\t\t<div class=\"elementor-widget-container\">\n\t\t\t<p class=\"elementor-heading-title elementor-size-default\">Compromiso<\/p>\t\t<\/div>\n\t\t\t\t<\/div>\n\t\t\t\t<div class=\"elementor-element elementor-element-c68d185 elementor-widget elementor-widget-text-editor\" data-id=\"c68d185\" data-element_type=\"widget\" data-widget_type=\"text-editor.default\">\n\t\t\t\t<div class=\"elementor-widget-container\">\n\t\t\t\t\t\t\t<div class=\"flex-shrink-0 flex flex-col relative items-end\"><div><div class=\"pt-0\"><div class=\"gizmo-bot-avatar flex h-8 w-8 items-center justify-center overflow-hidden rounded-full\"><div class=\"relative p-1 rounded-sm flex items-center justify-center bg-token-main-surface-primary text-token-text-primary h-8 w-8\"><div class=\"flex-col gap-1 md:gap-3\"><div class=\"flex flex-grow flex-col max-w-full\"><div class=\"min-h-[20px] text-message flex w-full flex-col items-end gap-2 whitespace-pre-wrap break-words [.text-message+&amp;]:mt-5 overflow-x-auto\" dir=\"auto\" data-message-author-role=\"assistant\" data-message-id=\"3e2a42dd-8ffa-4b72-8a81-df144cd165f6\"><div class=\"flex w-full flex-col gap-1 empty:hidden first:pt-[3px]\"><div class=\"markdown prose w-full break-words dark:prose-invert dark\"><p>En Gas Tomza, nos comprometemos a cumplir con todas las normas y medidas de seguridad en hogares, comercios, industrias y nuestras plantas, para salvaguardar la salud y el bienestar de nuestros consumidores y colaboradores.<\/p><\/div><\/div><\/div><\/div><\/div><\/div><\/div><\/div><\/div><\/div>\t\t\t\t\t\t<\/div>\n\t\t\t\t<\/div>\n\t\t\t\t\t<\/div>\n\t\t<\/div>\n\t\t\t\t<div class=\"elementor-column elementor-col-33 elementor-top-column elementor-element elementor-element-d45becb\" data-id=\"d45becb\" data-element_type=\"column\">\n\t\t\t<div class=\"elementor-widget-wrap elementor-element-populated\">\n\t\t\t\t\t\t<div class=\"elementor-element elementor-element-4380531 elementor-widget__width-initial elementor-widget elementor-widget-image\" data-id=\"4380531\" data-element_type=\"widget\" data-widget_type=\"image.default\">\n\t\t\t\t<div class=\"elementor-widget-container\">\n\t\t\t\t\t\t\t\t\t\t\t\t\t<img loading=\"lazy\" decoding=\"async\" src=\"https:\/\/www.tomzacr.com\/wp-content\/uploads\/2024\/07\/Social.svg\" class=\"attachment-large size-large wp-image-3576\" alt=\"\" height=\"512\" width=\"512\" srcset=\"https:\/\/www.tomzacr.com\/wp-content\/uploads\/\/2024\/07\/Social.svg 150w, https:\/\/www.tomzacr.com\/wp-content\/uploads\/\/2024\/07\/Social.svg 300w, https:\/\/www.tomzacr.com\/wp-content\/uploads\/\/2024\/07\/Social.svg 1024w, https:\/\/www.tomzacr.com\/wp-content\/uploads\/\/2024\/07\/Social.svg 1536w, https:\/\/www.tomzacr.com\/wp-content\/uploads\/\/2024\/07\/Social.svg 2048w, https:\/\/www.tomzacr.com\/wp-content\/uploads\/\/2024\/07\/Social.svg 512w\" sizes=\"(max-width: 512px) 100vw, 512px\" \/>\t\t\t\t\t\t\t\t\t\t\t\t\t<\/div>\n\t\t\t\t<\/div>\n\t\t\t\t<div class=\"elementor-element elementor-element-2727257 elementor-widget elementor-widget-heading\" data-id=\"2727257\" data-element_type=\"widget\" data-widget_type=\"heading.default\">\n\t\t\t\t<div class=\"elementor-widget-container\">\n\t\t\t<p class=\"elementor-heading-title elementor-size-default\">Seguridad<\/p>\t\t<\/div>\n\t\t\t\t<\/div>\n\t\t\t\t<div class=\"elementor-element elementor-element-b854ad5 elementor-widget elementor-widget-text-editor\" data-id=\"b854ad5\" data-element_type=\"widget\" data-widget_type=\"text-editor.default\">\n\t\t\t\t<div class=\"elementor-widget-container\">\n\t\t\t\t\t\t\t<p>Trabajamos bajo estrictas normas de seguridad, con el firme compromiso de proteger el medio ambiente en todas nuestras operaciones.<\/p>\t\t\t\t\t\t<\/div>\n\t\t\t\t<\/div>\n\t\t\t\t\t<\/div>\n\t\t<\/div>\n\t\t\t\t<div class=\"elementor-column elementor-col-33 elementor-top-column elementor-element elementor-element-fa1c868\" data-id=\"fa1c868\" data-element_type=\"column\">\n\t\t\t<div class=\"elementor-widget-wrap elementor-element-populated\">\n\t\t\t\t\t\t<div class=\"elementor-element elementor-element-304dfe6 elementor-widget__width-initial elementor-widget elementor-widget-image\" data-id=\"304dfe6\" data-element_type=\"widget\" data-widget_type=\"image.default\">\n\t\t\t\t<div class=\"elementor-widget-container\">\n\t\t\t\t\t\t\t\t\t\t\t\t\t<img decoding=\"async\" src=\"https:\/\/www.tomzacr.com\/wp-content\/uploads\/2024\/07\/Medal.svg\" class=\"attachment-large size-large wp-image-3574\" alt=\"\" height=\"448.5\" width=\"448.5\" srcset=\"https:\/\/www.tomzacr.com\/wp-content\/uploads\/\/2024\/07\/Medal.svg 150w, https:\/\/www.tomzacr.com\/wp-content\/uploads\/\/2024\/07\/Medal.svg 300w, https:\/\/www.tomzacr.com\/wp-content\/uploads\/\/2024\/07\/Medal.svg 1024w, https:\/\/www.tomzacr.com\/wp-content\/uploads\/\/2024\/07\/Medal.svg 1536w, https:\/\/www.tomzacr.com\/wp-content\/uploads\/\/2024\/07\/Medal.svg 2048w, https:\/\/www.tomzacr.com\/wp-content\/uploads\/\/2024\/07\/Medal.svg 448w\" sizes=\"(max-width: 448px) 100vw, 448px\" \/>\t\t\t\t\t\t\t\t\t\t\t\t\t<\/div>\n\t\t\t\t<\/div>\n\t\t\t\t<div class=\"elementor-element elementor-element-0664194 elementor-widget elementor-widget-heading\" data-id=\"0664194\" data-element_type=\"widget\" data-widget_type=\"heading.default\">\n\t\t\t\t<div class=\"elementor-widget-container\">\n\t\t\t<p class=\"elementor-heading-title elementor-size-default\">Calidad<\/p>\t\t<\/div>\n\t\t\t\t<\/div>\n\t\t\t\t<div class=\"elementor-element elementor-element-5baf111 elementor-widget elementor-widget-text-editor\" data-id=\"5baf111\" data-element_type=\"widget\" data-widget_type=\"text-editor.default\">\n\t\t\t\t<div class=\"elementor-widget-container\">\n\t\t\t\t\t\t\t<p>Nos esforzamos continuamente por mejorar la calidad y el valor de nuestros productos y servicios, trabajando con rigor y pasi\u00f3n para ofrecer lo mejor a nuestros clientes.<\/p>\t\t\t\t\t\t<\/div>\n\t\t\t\t<\/div>\n\t\t\t\t\t<\/div>\n\t\t<\/div>\n\t\t\t\t\t<\/div>\n\t\t<\/section>\n\t\t\t\t<\/div>\n\t\t","protected":false},"excerpt":{"rendered":"<p>Tomza internacional Somos Grupo Tomza Conoce un poco m\u00e1s. Visi\u00f3n Aspiramos a ser el grupo gasero l\u00edder en el mercado nacional y centroamericano en la importaci\u00f3n, almacenamiento, transporte, distribuci\u00f3n y venta de Gas LP. Contamos con un talento humano altamente capacitado y socialmente responsable, y buscamos una participaci\u00f3n creciente en el mercado internacional. Nos comprometemos [&hellip;]<\/p>\n","protected":false},"author":1,"featured_media":0,"parent":0,"menu_order":0,"comment_status":"closed","ping_status":"closed","template":"","meta":{"footnotes":""},"class_list":["post-3565","page","type-page","status-publish","hentry"],"_links":{"self":[{"href":"https:\/\/www.tomzacr.com\/index.php?rest_route=\/wp\/v2\/pages\/3565"}],"collection":[{"href":"https:\/\/www.tomzacr.com\/index.php?rest_route=\/wp\/v2\/pages"}],"about":[{"href":"https:\/\/www.tomzacr.com\/index.php?rest_route=\/wp\/v2\/types\/page"}],"author":[{"embeddable":true,"href":"https:\/\/www.tomzacr.com\/index.php?rest_route=\/wp\/v2\/users\/1"}],"replies":[{"embeddable":true,"href":"https:\/\/www.tomzacr.com\/index.php?rest_route=%2Fwp%2Fv2%2Fcomments&post=3565"}],"version-history":[{"count":67,"href":"https:\/\/www.tomzacr.com\/index.php?rest_route=\/wp\/v2\/pages\/3565\/revisions"}],"predecessor-version":[{"id":3843,"href":"https:\/\/www.tomzacr.com\/index.php?rest_route=\/wp\/v2\/pages\/3565\/revisions\/3843"}],"wp:attachment":[{"href":"https:\/\/www.tomzacr.com\/index.php?rest_route=%2Fwp%2Fv2%2Fmedia&parent=3565"}],"curies":[{"name":"wp","href":"https:\/\/api.w.org\/{rel}","templated":true}]}}